{"id":19,"date":"2023-05-28T17:42:28","date_gmt":"2023-05-28T17:42:28","guid":{"rendered":"https:\/\/passify.fr\/?page_id=19"},"modified":"2025-01-23T19:37:14","modified_gmt":"2025-01-23T19:37:14","slug":"contact","status":"publish","type":"page","link":"https:\/\/passify.fr\/en\/contact","title":{"rendered":"Contact"},"content":{"rendered":"<div data-elementor-type=\"wp-page\" data-elementor-id=\"19\" class=\"elementor elementor-19\" data-elementor-post-type=\"page\">\n\t\t\t\t\t\t<section class=\"elementor-section elementor-top-section elementor-element elementor-element-c38e381 elementor-section-boxed elementor-section-height-default elementor-section-height-default wpr-particle-no wpr-jarallax-no wpr-parallax-no wpr-sticky-section-no\" data-id=\"c38e381\" data-element_type=\"section\">\n\t\t\t\t\t\t<div class=\"elementor-container elementor-column-gap-default\">\n\t\t\t\t\t<div class=\"elementor-column elementor-col-50 elementor-top-column elementor-element elementor-element-8ef88c9\" data-id=\"8ef88c9\" data-element_type=\"column\">\n\t\t\t<div class=\"elementor-widget-wrap elementor-element-populated\">\n\t\t\t\t\t\t<div class=\"elementor-element elementor-element-e12b769 elementor-widget elementor-widget-spacer\" data-id=\"e12b769\" data-element_type=\"widget\" data-widget_type=\"spacer.default\">\n\t\t\t\t<div class=\"elementor-widget-container\">\n\t\t\t\t\t<div class=\"elementor-spacer\">\n\t\t\t<div class=\"elementor-spacer-inner\"><\/div>\n\t\t<\/div>\n\t\t\t\t<\/div>\n\t\t\t\t<\/div>\n\t\t\t\t<div class=\"elementor-element elementor-element-60bd3dc elementor-invisible elementor-widget elementor-widget-heading\" data-id=\"60bd3dc\" data-element_type=\"widget\" data-settings=\"{&quot;_animation&quot;:&quot;fadeInLeft&quot;}\" data-widget_type=\"heading.default\">\n\t\t\t\t<div class=\"elementor-widget-container\">\n\t\t\t<h2 class=\"elementor-heading-title elementor-size-default\">Need more information? Contact us<\/h2>\t\t<\/div>\n\t\t\t\t<\/div>\n\t\t\t\t<div class=\"elementor-element elementor-element-f2d0b10 elementor-invisible elementor-widget elementor-widget-text-editor\" data-id=\"f2d0b10\" data-element_type=\"widget\" data-settings=\"{&quot;_animation&quot;:&quot;fadeIn&quot;}\" data-widget_type=\"text-editor.default\">\n\t\t\t\t<div class=\"elementor-widget-container\">\n\t\t\t\t\t\t\t<p>Do you have any questions or would you like to find out more about our services? Fill in the form and our team will get back to you as soon as possible.<\/p>\t\t\t\t\t\t<\/div>\n\t\t\t\t<\/div>\n\t\t\t\t<div class=\"elementor-element elementor-element-d117136 elementor-invisible elementor-widget elementor-widget-text-editor\" data-id=\"d117136\" data-element_type=\"widget\" data-settings=\"{&quot;_animation&quot;:&quot;fadeIn&quot;}\" data-widget_type=\"text-editor.default\">\n\t\t\t\t<div class=\"elementor-widget-container\">\n\t\t\t\t\t\t\t<p>Email : <a href=\"mailto:support@passify.fr\">support@passify.fr<\/a><\/p>\t\t\t\t\t\t<\/div>\n\t\t\t\t<\/div>\n\t\t\t\t<div class=\"elementor-element elementor-element-51620d4 elementor-invisible elementor-widget elementor-widget-button\" data-id=\"51620d4\" data-element_type=\"widget\" data-settings=\"{&quot;_animation&quot;:&quot;xpro-anim-mask-from-left&quot;}\" data-widget_type=\"button.default\">\n\t\t\t\t<div class=\"elementor-widget-container\">\n\t\t\t\t\t\t\t<div class=\"elementor-button-wrapper\">\n\t\t\t\t\t<a class=\"elementor-button elementor-button-link elementor-size-sm\" href=\"https:\/\/t.me\/PASSIFY\">\n\t\t\t\t\t\t<span class=\"elementor-button-content-wrapper\">\n\t\t\t\t\t\t\t\t\t<span class=\"elementor-button-text\">Join the Telegram<\/span>\n\t\t\t\t\t<\/span>\n\t\t\t\t\t<\/a>\n\t\t\t\t<\/div>\n\t\t\t\t\t\t<\/div>\n\t\t\t\t<\/div>\n\t\t\t\t\t<\/div>\n\t\t<\/div>\n\t\t\t\t<div class=\"elementor-column elementor-col-50 elementor-top-column elementor-element elementor-element-1790893\" data-id=\"1790893\" data-element_type=\"column\">\n\t\t\t<div class=\"elementor-widget-wrap elementor-element-populated\">\n\t\t\t\t\t\t<div class=\"elementor-element elementor-element-d28e70e elementor-widget elementor-widget-spacer\" data-id=\"d28e70e\" data-element_type=\"widget\" data-widget_type=\"spacer.default\">\n\t\t\t\t<div class=\"elementor-widget-container\">\n\t\t\t\t\t<div class=\"elementor-spacer\">\n\t\t\t<div class=\"elementor-spacer-inner\"><\/div>\n\t\t<\/div>\n\t\t\t\t<\/div>\n\t\t\t\t<\/div>\n\t\t\t\t<div class=\"elementor-element elementor-element-fff58db elementor-button-align-start elementor-widget__width-initial elementor-invisible elementor-widget elementor-widget-form\" data-id=\"fff58db\" data-element_type=\"widget\" data-settings=\"{&quot;step_next_label&quot;:&quot;Suivant&quot;,&quot;step_previous_label&quot;:&quot;Pr\\u00e9c\\u00e9dent&quot;,&quot;_animation&quot;:&quot;fadeIn&quot;,&quot;button_width&quot;:&quot;100&quot;,&quot;step_type&quot;:&quot;number_text&quot;,&quot;step_icon_shape&quot;:&quot;circle&quot;}\" data-widget_type=\"form.default\">\n\t\t\t\t<div class=\"elementor-widget-container\">\n\t\t\t\t\t<form class=\"elementor-form\" method=\"post\" name=\"Formulaire contact\">\n\t\t\t<input type=\"hidden\" name=\"post_id\" value=\"19\"\/>\n\t\t\t<input type=\"hidden\" name=\"form_id\" value=\"fff58db\"\/>\n\t\t\t<input type=\"hidden\" name=\"referer_title\" value=\"PASSIFY\" \/>\n\n\t\t\t\n\t\t\t<div class=\"elementor-form-fields-wrapper elementor-labels-above\">\n\t\t\t\t\t\t\t\t<div class=\"elementor-field-type-text elementor-field-group elementor-column elementor-field-group-name elementor-col-100 elementor-field-required elementor-mark-required\">\n\t\t\t\t\t\t\t\t\t\t\t\t<label for=\"form-field-name\" class=\"elementor-field-label\">\n\t\t\t\t\t\t\t\tFirst &amp; last name\t\t\t\t\t\t\t<\/label>\n\t\t\t\t\t\t\t\t\t\t\t\t\t\t<input size=\"1\" type=\"text\" name=\"form_fields[name]\" id=\"form-field-name\" class=\"elementor-field elementor-size-xs  elementor-field-textual\" required=\"required\" aria-required=\"true\">\n\t\t\t\t\t\t\t\t\t\t\t<\/div>\n\t\t\t\t\t\t\t\t<div class=\"elementor-field-type-email elementor-field-group elementor-column elementor-field-group-email elementor-col-100 elementor-field-required elementor-mark-required\">\n\t\t\t\t\t\t\t\t\t\t\t\t<label for=\"form-field-email\" class=\"elementor-field-label\">\n\t\t\t\t\t\t\t\tE-mail\t\t\t\t\t\t\t<\/label>\n\t\t\t\t\t\t\t\t\t\t\t\t\t\t<input size=\"1\" type=\"email\" name=\"form_fields[email]\" id=\"form-field-email\" class=\"elementor-field elementor-size-xs  elementor-field-textual\" required=\"required\" aria-required=\"true\">\n\t\t\t\t\t\t\t\t\t\t\t<\/div>\n\t\t\t\t\t\t\t\t<div class=\"elementor-field-type-text elementor-field-group elementor-column elementor-field-group-field_e3d0333 elementor-col-100 elementor-field-required elementor-mark-required\">\n\t\t\t\t\t\t\t\t\t\t\t\t<label for=\"form-field-field_e3d0333\" class=\"elementor-field-label\">\n\t\t\t\t\t\t\t\tSubject\t\t\t\t\t\t\t<\/label>\n\t\t\t\t\t\t\t\t\t\t\t\t\t\t<input size=\"1\" type=\"text\" name=\"form_fields[field_e3d0333]\" id=\"form-field-field_e3d0333\" class=\"elementor-field elementor-size-xs  elementor-field-textual\" required=\"required\" aria-required=\"true\">\n\t\t\t\t\t\t\t\t\t\t\t<\/div>\n\t\t\t\t\t\t\t\t<div class=\"elementor-field-type-textarea elementor-field-group elementor-column elementor-field-group-message elementor-col-100 elementor-field-required elementor-mark-required\">\n\t\t\t\t\t\t\t\t\t\t\t\t<label for=\"form-field-message\" class=\"elementor-field-label\">\n\t\t\t\t\t\t\t\tMessage\t\t\t\t\t\t\t<\/label>\n\t\t\t\t\t\t<textarea class=\"elementor-field-textual elementor-field  elementor-size-xs\" name=\"form_fields[message]\" id=\"form-field-message\" rows=\"7\" required=\"required\" aria-required=\"true\"><\/textarea>\t\t\t\t<\/div>\n\t\t\t\t\t\t\t\t<div class=\"elementor-field-group elementor-column elementor-field-type-submit elementor-col-100 e-form__buttons\">\n\t\t\t\t\t<button class=\"elementor-button elementor-size-sm\" type=\"submit\">\n\t\t\t\t\t\t<span class=\"elementor-button-content-wrapper\">\n\t\t\t\t\t\t\t\t\t\t\t\t\t\t\t\t\t\t\t\t\t\t<span class=\"elementor-button-text\">Send<\/span>\n\t\t\t\t\t\t\t\t\t\t\t\t\t<\/span>\n\t\t\t\t\t<\/button>\n\t\t\t\t<\/div>\n\t\t\t<\/div>\n\t\t<input type=\"hidden\" name=\"trp-form-language\" value=\"en\"\/><\/form>\n\t\t\t\t<\/div>\n\t\t\t\t<\/div>\n\t\t\t\t\t<\/div>\n\t\t<\/div>\n\t\t\t\t\t<\/div>\n\t\t<\/section>\n\t\t\t\t<section class=\"elementor-section elementor-top-section elementor-element elementor-element-aabc88f elementor-section-boxed elementor-section-height-default elementor-section-height-default wpr-particle-no wpr-jarallax-no wpr-parallax-no wpr-sticky-section-no\" data-id=\"aabc88f\" data-element_type=\"section\">\n\t\t\t\t\t\t<div class=\"elementor-container elementor-column-gap-default\">\n\t\t\t\t\t<div class=\"elementor-column elementor-col-100 elementor-top-column elementor-element elementor-element-119171f\" data-id=\"119171f\" data-element_type=\"column\">\n\t\t\t<div class=\"elementor-widget-wrap elementor-element-populated\">\n\t\t\t\t\t\t<div class=\"elementor-element elementor-element-e0656ca elementor-invisible elementor-widget elementor-widget-text-editor\" data-id=\"e0656ca\" data-element_type=\"widget\" data-settings=\"{&quot;_animation&quot;:&quot;xpro-anim-mask-from-left&quot;}\" data-widget_type=\"text-editor.default\">\n\t\t\t\t<div class=\"elementor-widget-container\">\n\t\t\t\t\t\t\t<p><em>In the event of server failure, please contact us directly by e-mail with your request to the following address: <a href=\"mailto:support@passify.fr\"><span style=\"text-decoration: underline;\">support@passify.fr<\/span><\/a><\/em><\/p>\t\t\t\t\t\t<\/div>\n\t\t\t\t<\/div>\n\t\t\t\t\t<\/div>\n\t\t<\/div>\n\t\t\t\t\t<\/div>\n\t\t<\/section>\n\t\t\t\t<\/div>","protected":false},"excerpt":{"rendered":"<p>Besoin d&rsquo;informations ? Contactez-nous Vous avez des questions ou souhaitez en savoir plus sur nos services ? Remplissez le formulaire et notre \u00e9quipe vous r\u00e9pondra dans les plus brefs d\u00e9lais. Email : support@passify.fr Rejoindre le T\u00e9l\u00e9gram En cas d&rsquo;\u00e9chec serveur, merci de nous contacter directement par mail avec votre demande \u00e0 l&rsquo;adresse suivante : support@passify.fr<\/p>","protected":false},"author":1,"featured_media":3581,"parent":0,"menu_order":0,"comment_status":"closed","ping_status":"closed","template":"","meta":{"_monsterinsights_skip_tracking":false,"_monsterinsights_sitenote_active":false,"_monsterinsights_sitenote_note":"","_monsterinsights_sitenote_category":0,"footnotes":""},"class_list":["post-19","page","type-page","status-publish","has-post-thumbnail","hentry"],"yoast_head":"<!-- This site is optimized with the Yoast SEO plugin v23.7 - https:\/\/yoast.com\/wordpress\/plugins\/seo\/ -->\n<title>Contact - PASSIFY<\/title>\n<meta name=\"description\" content=\"Contactez nous par formulaire e-mail, l&#039;\u00e9quipe PASSIFY reviendra vers vous rapidement. Vous pouvez \u00e9galement nous contacter via T\u00e9l\u00e9gram !\" \/>\n<meta name=\"robots\" content=\"index, follow, max-snippet:-1, max-image-preview:large, max-video-preview:-1\" \/>\n<link rel=\"canonical\" href=\"https:\/\/passify.fr\/en\/contact\/\" \/>\n<meta property=\"og:locale\" content=\"en_US\" \/>\n<meta property=\"og:type\" content=\"article\" \/>\n<meta property=\"og:title\" content=\"Contact - PASSIFY\" \/>\n<meta property=\"og:description\" content=\"Contactez nous par formulaire e-mail, l&#039;\u00e9quipe PASSIFY reviendra vers vous rapidement. Vous pouvez \u00e9galement nous contacter via T\u00e9l\u00e9gram !\" \/>\n<meta property=\"og:url\" content=\"https:\/\/passify.fr\/en\/contact\/\" \/>\n<meta property=\"og:site_name\" content=\"PASSIFY\" \/>\n<meta property=\"article:modified_time\" content=\"2025-01-23T19:37:14+00:00\" \/>\n<meta property=\"og:image\" content=\"https:\/\/passify.fr\/wp-content\/uploads\/2024\/11\/Fichier-26.png\" \/>\n\t<meta property=\"og:image:width\" content=\"8577\" \/>\n\t<meta property=\"og:image:height\" content=\"2270\" \/>\n\t<meta property=\"og:image:type\" content=\"image\/png\" \/>\n<meta name=\"twitter:card\" content=\"summary_large_image\" \/>\n<meta name=\"twitter:label1\" content=\"Est. reading time\" \/>\n\t<meta name=\"twitter:data1\" content=\"1 minute\" \/>\n<script type=\"application\/ld+json\" class=\"yoast-schema-graph\">{\"@context\":\"https:\/\/schema.org\",\"@graph\":[{\"@type\":\"WebPage\",\"@id\":\"https:\/\/passify.fr\/contact\",\"url\":\"https:\/\/passify.fr\/contact\",\"name\":\"Contact - PASSIFY\",\"isPartOf\":{\"@id\":\"https:\/\/passify.fr\/#website\"},\"primaryImageOfPage\":{\"@id\":\"https:\/\/passify.fr\/contact#primaryimage\"},\"image\":{\"@id\":\"https:\/\/passify.fr\/contact#primaryimage\"},\"thumbnailUrl\":\"https:\/\/passify.fr\/wp-content\/uploads\/2024\/11\/Fichier-26.png\",\"datePublished\":\"2023-05-28T17:42:28+00:00\",\"dateModified\":\"2025-01-23T19:37:14+00:00\",\"description\":\"Contactez nous par formulaire e-mail, l'\u00e9quipe PASSIFY reviendra vers vous rapidement. Vous pouvez \u00e9galement nous contacter via T\u00e9l\u00e9gram !\",\"breadcrumb\":{\"@id\":\"https:\/\/passify.fr\/contact#breadcrumb\"},\"inLanguage\":\"en-US\",\"potentialAction\":[{\"@type\":\"ReadAction\",\"target\":[\"https:\/\/passify.fr\/contact\"]}]},{\"@type\":\"ImageObject\",\"inLanguage\":\"en-US\",\"@id\":\"https:\/\/passify.fr\/contact#primaryimage\",\"url\":\"https:\/\/passify.fr\/wp-content\/uploads\/2024\/11\/Fichier-26.png\",\"contentUrl\":\"https:\/\/passify.fr\/wp-content\/uploads\/2024\/11\/Fichier-26.png\",\"width\":8577,\"height\":2270,\"caption\":\"Contact Passify\"},{\"@type\":\"BreadcrumbList\",\"@id\":\"https:\/\/passify.fr\/contact#breadcrumb\",\"itemListElement\":[{\"@type\":\"ListItem\",\"position\":1,\"name\":\"Accueil\",\"item\":\"https:\/\/passify.fr\/\"},{\"@type\":\"ListItem\",\"position\":2,\"name\":\"Contact\"}]},{\"@type\":\"WebSite\",\"@id\":\"https:\/\/passify.fr\/#website\",\"url\":\"https:\/\/passify.fr\/\",\"name\":\"PASSIFY\",\"description\":\"\",\"publisher\":{\"@id\":\"https:\/\/passify.fr\/#organization\"},\"potentialAction\":[{\"@type\":\"SearchAction\",\"target\":{\"@type\":\"EntryPoint\",\"urlTemplate\":\"https:\/\/passify.fr\/?s={search_term_string}\"},\"query-input\":{\"@type\":\"PropertyValueSpecification\",\"valueRequired\":true,\"valueName\":\"search_term_string\"}}],\"inLanguage\":\"en-US\"},{\"@type\":\"Organization\",\"@id\":\"https:\/\/passify.fr\/#organization\",\"name\":\"PASSIFY\",\"url\":\"https:\/\/passify.fr\/\",\"logo\":{\"@type\":\"ImageObject\",\"inLanguage\":\"en-US\",\"@id\":\"https:\/\/passify.fr\/#\/schema\/logo\/image\/\",\"url\":\"https:\/\/passify.fr\/wp-content\/uploads\/2023\/05\/Logo-degrade-blanc.svg\",\"contentUrl\":\"https:\/\/passify.fr\/wp-content\/uploads\/2023\/05\/Logo-degrade-blanc.svg\",\"width\":386,\"height\":72,\"caption\":\"PASSIFY\"},\"image\":{\"@id\":\"https:\/\/passify.fr\/#\/schema\/logo\/image\/\"}}]}<\/script>\n<!-- \/ Yoast SEO plugin. -->","yoast_head_json":{"title":"Contact - PASSIFY","description":"Contactez nous par formulaire e-mail, l'\u00e9quipe PASSIFY reviendra vers vous rapidement. Vous pouvez \u00e9galement nous contacter via T\u00e9l\u00e9gram !","robots":{"index":"index","follow":"follow","max-snippet":"max-snippet:-1","max-image-preview":"max-image-preview:large","max-video-preview":"max-video-preview:-1"},"canonical":"https:\/\/passify.fr\/en\/contact\/","og_locale":"en_US","og_type":"article","og_title":"Contact - PASSIFY","og_description":"Contactez nous par formulaire e-mail, l'\u00e9quipe PASSIFY reviendra vers vous rapidement. Vous pouvez \u00e9galement nous contacter via T\u00e9l\u00e9gram !","og_url":"https:\/\/passify.fr\/en\/contact\/","og_site_name":"PASSIFY","article_modified_time":"2025-01-23T19:37:14+00:00","og_image":[{"width":8577,"height":2270,"url":"https:\/\/passify.fr\/wp-content\/uploads\/2024\/11\/Fichier-26.png","type":"image\/png"}],"twitter_card":"summary_large_image","twitter_misc":{"Est. reading time":"1 minute"},"schema":{"@context":"https:\/\/schema.org","@graph":[{"@type":"WebPage","@id":"https:\/\/passify.fr\/contact","url":"https:\/\/passify.fr\/contact","name":"Contact - PASSIFY","isPartOf":{"@id":"https:\/\/passify.fr\/#website"},"primaryImageOfPage":{"@id":"https:\/\/passify.fr\/contact#primaryimage"},"image":{"@id":"https:\/\/passify.fr\/contact#primaryimage"},"thumbnailUrl":"https:\/\/passify.fr\/wp-content\/uploads\/2024\/11\/Fichier-26.png","datePublished":"2023-05-28T17:42:28+00:00","dateModified":"2025-01-23T19:37:14+00:00","description":"Contactez nous par formulaire e-mail, l'\u00e9quipe PASSIFY reviendra vers vous rapidement. Vous pouvez \u00e9galement nous contacter via T\u00e9l\u00e9gram !","breadcrumb":{"@id":"https:\/\/passify.fr\/contact#breadcrumb"},"inLanguage":"en-US","potentialAction":[{"@type":"ReadAction","target":["https:\/\/passify.fr\/contact"]}]},{"@type":"ImageObject","inLanguage":"en-US","@id":"https:\/\/passify.fr\/contact#primaryimage","url":"https:\/\/passify.fr\/wp-content\/uploads\/2024\/11\/Fichier-26.png","contentUrl":"https:\/\/passify.fr\/wp-content\/uploads\/2024\/11\/Fichier-26.png","width":8577,"height":2270,"caption":"Contact Passify"},{"@type":"BreadcrumbList","@id":"https:\/\/passify.fr\/contact#breadcrumb","itemListElement":[{"@type":"ListItem","position":1,"name":"Accueil","item":"https:\/\/passify.fr\/"},{"@type":"ListItem","position":2,"name":"Contact"}]},{"@type":"WebSite","@id":"https:\/\/passify.fr\/#website","url":"https:\/\/passify.fr\/","name":"PASSIFY","description":"","publisher":{"@id":"https:\/\/passify.fr\/#organization"},"potentialAction":[{"@type":"SearchAction","target":{"@type":"EntryPoint","urlTemplate":"https:\/\/passify.fr\/?s={search_term_string}"},"query-input":{"@type":"PropertyValueSpecification","valueRequired":true,"valueName":"search_term_string"}}],"inLanguage":"en-US"},{"@type":"Organization","@id":"https:\/\/passify.fr\/#organization","name":"PASSIFY","url":"https:\/\/passify.fr\/","logo":{"@type":"ImageObject","inLanguage":"en-US","@id":"https:\/\/passify.fr\/#\/schema\/logo\/image\/","url":"https:\/\/passify.fr\/wp-content\/uploads\/2023\/05\/Logo-degrade-blanc.svg","contentUrl":"https:\/\/passify.fr\/wp-content\/uploads\/2023\/05\/Logo-degrade-blanc.svg","width":386,"height":72,"caption":"PASSIFY"},"image":{"@id":"https:\/\/passify.fr\/#\/schema\/logo\/image\/"}}]}},"jetpack_sharing_enabled":true,"_links":{"self":[{"href":"https:\/\/passify.fr\/en\/wp-json\/wp\/v2\/pages\/19","targetHints":{"allow":["GET"]}}],"collection":[{"href":"https:\/\/passify.fr\/en\/wp-json\/wp\/v2\/pages"}],"about":[{"href":"https:\/\/passify.fr\/en\/wp-json\/wp\/v2\/types\/page"}],"author":[{"embeddable":true,"href":"https:\/\/passify.fr\/en\/wp-json\/wp\/v2\/users\/1"}],"replies":[{"embeddable":true,"href":"https:\/\/passify.fr\/en\/wp-json\/wp\/v2\/comments?post=19"}],"version-history":[{"count":76,"href":"https:\/\/passify.fr\/en\/wp-json\/wp\/v2\/pages\/19\/revisions"}],"predecessor-version":[{"id":4727,"href":"https:\/\/passify.fr\/en\/wp-json\/wp\/v2\/pages\/19\/revisions\/4727"}],"wp:featuredmedia":[{"embeddable":true,"href":"https:\/\/passify.fr\/en\/wp-json\/wp\/v2\/media\/3581"}],"wp:attachment":[{"href":"https:\/\/passify.fr\/en\/wp-json\/wp\/v2\/media?parent=19"}],"curies":[{"name":"wp","href":"https:\/\/api.w.org\/{rel}","templated":true}]}}